{"id":194,"date":"2024-11-24T16:11:14","date_gmt":"2024-11-24T16:11:14","guid":{"rendered":"https:\/\/lisatravella.ch\/?page_id=194"},"modified":"2024-11-26T07:48:45","modified_gmt":"2024-11-26T07:48:45","slug":"meine-formationen","status":"publish","type":"page","link":"https:\/\/lisatravella.ch\/?page_id=194","title":{"rendered":"meine Formationen"},"content":{"rendered":"\n<p><strong>&nbsp;Duo Campanula<\/strong><\/p>\n\n\n\n<figure class=\"wp-block-image is-resized\"><img loading=\"lazy\" decoding=\"async\" width=\"2560\" height=\"1920\" src=\"https:\/\/lisatravella.ch\/wp-content\/uploads\/2024\/11\/PB060183-scaled.jpeg\" alt=\"\" class=\"wp-image-198\" style=\"width:353px;height:auto\" srcset=\"https:\/\/lisatravella.ch\/wp-content\/uploads\/2024\/11\/PB060183-scaled.jpeg 2560w, https:\/\/lisatravella.ch\/wp-content\/uploads\/2024\/11\/PB060183-300x225.jpeg 300w, https:\/\/lisatravella.ch\/wp-content\/uploads\/2024\/11\/PB060183-1024x768.jpeg 1024w, https:\/\/lisatravella.ch\/wp-content\/uploads\/2024\/11\/PB060183-768x576.jpeg 768w\" sizes=\"auto, (max-width: 2560px) 100vw, 2560px\" \/><\/figure>\n\n\n\n<p class=\"has-text-align-left\">\u201elebensfreudig, mitreissend, unvorhergesehen und \u00fcberraschend\u201c das Duo Campanula spielt ihre Eigenkompositionen, die durch pers\u00f6nliche Erfahrungen und Erlebnisse entstanden sind. In diesen Kompositionen werden die Geige, das Schwyzer\u00f6rgeli und der Jodel abwechslungsweise in den Mittelpunkt gestellt. Ihr Repertoire reicht von ruhiger und besinnlicher Musik \u00fcber ber\u00fchrende Kl\u00e4nge bis hin zu rassiger und stimmungsanheizender Tanzmusik. &nbsp; &nbsp; &nbsp; &nbsp; &nbsp; &nbsp; &nbsp; &nbsp;<\/p>\n\n\n\n<p> <a href=\"http:\/\/www.duo-campanula.ch\">www.duo-campanula.ch<\/a> &nbsp;<\/p>\n\n\n\n<p><\/p>\n\n\n\n<p><strong>Bluescht<\/strong><\/p>\n\n\n\n<figure class=\"wp-block-image size-large is-resized\"><img loading=\"lazy\" decoding=\"async\" width=\"1024\" height=\"768\" src=\"https:\/\/lisatravella.ch\/wp-content\/uploads\/2024\/11\/IMG_6843-1024x768.jpeg\" alt=\"\" class=\"wp-image-201\" style=\"width:356px;height:auto\" srcset=\"https:\/\/lisatravella.ch\/wp-content\/uploads\/2024\/11\/IMG_6843-1024x768.jpeg 1024w, https:\/\/lisatravella.ch\/wp-content\/uploads\/2024\/11\/IMG_6843-300x225.jpeg 300w, https:\/\/lisatravella.ch\/wp-content\/uploads\/2024\/11\/IMG_6843-768x576.jpeg 768w, https:\/\/lisatravella.ch\/wp-content\/uploads\/2024\/11\/IMG_6843-1536x1152.jpeg 1536w, https:\/\/lisatravella.ch\/wp-content\/uploads\/2024\/11\/IMG_6843-2048x1536.jpeg 2048w\" sizes=\"auto, (max-width: 1024px) 100vw, 1024px\" \/><\/figure>\n\n\n\n<p>Bei Bluescht treffen archaischer Naturjodel und groovig-melodi\u00f6ser Folk aufeinander. Das Basler Duo, jetzt neu im Trio bewegt sich im Grenz\u00adbereich von Neuer Schweizer Volks\u00admusik, Folk und Improvisation. Im Zentrum steht dabei der Natur\u00adjodel, der sowohl traditionell als auch ganz frei eingesetzt wird.<\/p>\n\n\n\n<p><a href=\"http:\/\/www.bluescht.ch\">www.bluescht.ch<\/a> <a href=\"https:\/\/www.bluescht.ch\/kontakt.html\">www.bluescht.ch\/kontakt<\/a>&nbsp;<\/p>\n\n\n\n<p><\/p>\n","protected":false},"excerpt":{"rendered":"<p>&nbsp;Duo Campanula \u201elebensfreudig, mitreissend, unvorhergesehen und \u00fcberraschend\u201c das Duo Campanula spielt ihre Eigenkompositionen, die durch pers\u00f6nliche Erfahrungen und Erlebnisse entstanden sind. In diesen Kompositionen werden die Geige, das Schwyzer\u00f6rgeli und der Jodel abwechslungsweise in den Mittelpunkt gestellt. Ihr Repertoire reicht von ruhiger und besinnlicher Musik \u00fcber ber\u00fchrende Kl\u00e4nge bis hin zu rassiger und stimmungsanheizender Tanzmusik.&hellip;<\/p>\n","protected":false},"author":1,"featured_media":0,"parent":39,"menu_order":0,"comment_status":"closed","ping_status":"closed","template":"","meta":{"footnotes":""},"class_list":["post-194","page","type-page","status-publish","hentry"],"_links":{"self":[{"href":"https:\/\/lisatravella.ch\/index.php?rest_route=\/wp\/v2\/pages\/194","targetHints":{"allow":["GET"]}}],"collection":[{"href":"https:\/\/lisatravella.ch\/index.php?rest_route=\/wp\/v2\/pages"}],"about":[{"href":"https:\/\/lisatravella.ch\/index.php?rest_route=\/wp\/v2\/types\/page"}],"author":[{"embeddable":true,"href":"https:\/\/lisatravella.ch\/index.php?rest_route=\/wp\/v2\/users\/1"}],"replies":[{"embeddable":true,"href":"https:\/\/lisatravella.ch\/index.php?rest_route=%2Fwp%2Fv2%2Fcomments&post=194"}],"version-history":[{"count":5,"href":"https:\/\/lisatravella.ch\/index.php?rest_route=\/wp\/v2\/pages\/194\/revisions"}],"predecessor-version":[{"id":255,"href":"https:\/\/lisatravella.ch\/index.php?rest_route=\/wp\/v2\/pages\/194\/revisions\/255"}],"up":[{"embeddable":true,"href":"https:\/\/lisatravella.ch\/index.php?rest_route=\/wp\/v2\/pages\/39"}],"wp:attachment":[{"href":"https:\/\/lisatravella.ch\/index.php?rest_route=%2Fwp%2Fv2%2Fmedia&parent=194"}],"curies":[{"name":"wp","href":"https:\/\/api.w.org\/{rel}","templated":true}]}}